{"id":673,"date":"2022-04-25T02:23:01","date_gmt":"2022-04-25T02:23:01","guid":{"rendered":"https:\/\/architect.oceanwp.org\/?page_id=673"},"modified":"2026-01-20T20:04:38","modified_gmt":"2026-01-20T20:04:38","slug":"portfolio","status":"publish","type":"page","link":"https:\/\/dedeserv.com.br\/?page_id=673","title":{"rendered":"Portfolio"},"content":{"rendered":"\t\t<div data-elementor-type=\"wp-page\" data-elementor-id=\"673\" class=\"elementor elementor-673\">\n\t\t\t\t\t\t<section class=\"elementor-section elementor-top-section elementor-element elementor-element-c7bde32 elementor-section-height-min-height elementor-section-boxed elementor-section-height-default elementor-section-items-middle\" data-id=\"c7bde32\" data-element_type=\"section\" data-e-type=\"section\" data-settings=\"{&quot;background_background&quot;:&quot;classic&quot;}\">\n\t\t\t\t\t\t<div class=\"elementor-container elementor-column-gap-default\">\n\t\t\t\t\t<div class=\"elementor-column elementor-col-100 elementor-top-column elementor-element elementor-element-8ca406c\" data-id=\"8ca406c\" data-element_type=\"column\" data-e-type=\"column\">\n\t\t\t<div class=\"elementor-widget-wrap elementor-element-populated\">\n\t\t\t\t\t\t<div class=\"elementor-element elementor-element-fb64808 elementor-widget-divider--view-line elementor-widget elementor-widget-divider\" data-id=\"fb64808\" data-element_type=\"widget\" data-e-type=\"widget\" data-widget_type=\"divider.default\">\n\t\t\t\t<div class=\"elementor-widget-container\">\n\t\t\t\t\t\t\t<div class=\"elementor-divider\">\n\t\t\t<span class=\"elementor-divider-separator\">\n\t\t\t\t\t\t<\/span>\n\t\t<\/div>\n\t\t\t\t\t\t<\/div>\n\t\t\t\t<\/div>\n\t\t\t\t<div class=\"elementor-element elementor-element-5c316fb elementor-widget elementor-widget-heading\" data-id=\"5c316fb\" data-element_type=\"widget\" data-e-type=\"widget\" data-widget_type=\"heading.default\">\n\t\t\t\t<div class=\"elementor-widget-container\">\n\t\t\t\t\t<h1 class=\"elementor-heading-title elementor-size-default\">Servi\u00e7os<\/h1>\t\t\t\t<\/div>\n\t\t\t\t<\/div>\n\t\t\t\t\t<\/div>\n\t\t<\/div>\n\t\t\t\t\t<\/div>\n\t\t<\/section>\n\t\t\t\t<section class=\"elementor-section elementor-top-section elementor-element elementor-element-1760b03 elementor-section-boxed elementor-section-height-default elementor-section-height-default\" data-id=\"1760b03\" data-element_type=\"section\" data-e-type=\"section\" data-settings=\"{&quot;background_background&quot;:&quot;classic&quot;}\">\n\t\t\t\t\t\t<div class=\"elementor-container elementor-column-gap-default\">\n\t\t\t\t\t<div class=\"elementor-column elementor-col-100 elementor-top-column elementor-element elementor-element-945bbb2\" data-id=\"945bbb2\" data-element_type=\"column\" data-e-type=\"column\">\n\t\t\t<div class=\"elementor-widget-wrap elementor-element-populated\">\n\t\t\t\t\t\t<div class=\"elementor-element elementor-element-bfde2a8 elementor-widget elementor-widget-heading\" data-id=\"bfde2a8\" data-element_type=\"widget\" data-e-type=\"widget\" data-widget_type=\"heading.default\">\n\t\t\t\t<div class=\"elementor-widget-container\">\n\t\t\t\t\t<h2 class=\"elementor-heading-title elementor-size-default\">Dedetiza\u00e7\u00e3o<\/h2>\t\t\t\t<\/div>\n\t\t\t\t<\/div>\n\t\t\t\t<div class=\"elementor-element elementor-element-fdd215a elementor-widget elementor-widget-text-editor\" data-id=\"fdd215a\" data-element_type=\"widget\" data-e-type=\"widget\" data-widget_type=\"text-editor.default\">\n\t\t\t\t<div class=\"elementor-widget-container\">\n\t\t\t\t\t\t\t\t\t<p>A dedetiza\u00e7\u00e3o, tamb\u00e9m conhecida como descupiniza\u00e7\u00e3o, \u00e9 um servi\u00e7o destinado ao controle e combate de pragas como cupins e insetos rastejantes. Esse processo envolve a aplica\u00e7\u00e3o de produtos qu\u00edmicos espec\u00edficos que visam eliminar a infesta\u00e7\u00e3o existente e prevenir futuras infesta\u00e7\u00f5es. A dedetiza\u00e7\u00e3o \u00e9 essencial para proteger estruturas de madeira e manter a integridade de resid\u00eancias e edifica\u00e7\u00f5es.<\/p>\t\t\t\t\t\t\t\t<\/div>\n\t\t\t\t<\/div>\n\t\t\t\t<div class=\"elementor-element elementor-element-61090ee elementor-widget elementor-widget-heading\" data-id=\"61090ee\" data-element_type=\"widget\" data-e-type=\"widget\" data-widget_type=\"heading.default\">\n\t\t\t\t<div class=\"elementor-widget-container\">\n\t\t\t\t\t<h2 class=\"elementor-heading-title elementor-size-default\">Desinsetiza\u00e7\u00e3o<\/h2>\t\t\t\t<\/div>\n\t\t\t\t<\/div>\n\t\t\t\t<div class=\"elementor-element elementor-element-353770a elementor-widget elementor-widget-text-editor\" data-id=\"353770a\" data-element_type=\"widget\" data-e-type=\"widget\" data-widget_type=\"text-editor.default\">\n\t\t\t\t<div class=\"elementor-widget-container\">\n\t\t\t\t\t\t\t\t\t<p>A desinsetiza\u00e7\u00e3o \u00e9 um servi\u00e7o especializado que visa o controle e a elimina\u00e7\u00e3o de insetos indesejados em ambientes residenciais, comerciais ou industriais. Utilizando t\u00e9cnicas e produtos espec\u00edficos, o processo de desinsetiza\u00e7\u00e3o \u00e9 projetado para erradicar pragas como baratas, formigas, mosquitos, pulgas e outros insetos, garantindo um ambiente mais seguro e saud\u00e1vel.<\/p>\t\t\t\t\t\t\t\t<\/div>\n\t\t\t\t<\/div>\n\t\t\t\t<div class=\"elementor-element elementor-element-c06d4c7 elementor-widget elementor-widget-heading\" data-id=\"c06d4c7\" data-element_type=\"widget\" data-e-type=\"widget\" data-widget_type=\"heading.default\">\n\t\t\t\t<div class=\"elementor-widget-container\">\n\t\t\t\t\t<h2 class=\"elementor-heading-title elementor-size-default\">Desentupimentos<\/h2>\t\t\t\t<\/div>\n\t\t\t\t<\/div>\n\t\t\t\t<div class=\"elementor-element elementor-element-073f63e elementor-widget elementor-widget-text-editor\" data-id=\"073f63e\" data-element_type=\"widget\" data-e-type=\"widget\" data-widget_type=\"text-editor.default\">\n\t\t\t\t<div class=\"elementor-widget-container\">\n\t\t\t\t\t\t\t\t\t<p>O servi\u00e7o de desentupimento \u00e9 crucial para solucionar problemas relacionados a obstru\u00e7\u00f5es em tubula\u00e7\u00f5es de esgoto, pias, ralos e outros sistemas de drenagem. Utilizando equipamentos especializados, como m\u00e1quinas desentupidoras e hidrojateamento, os profissionais removem bloqueios e garantem o fluxo adequado da \u00e1gua, prevenindo danos estruturais e assegurando a efici\u00eancia do sistema de escoamento.<\/p>\t\t\t\t\t\t\t\t<\/div>\n\t\t\t\t<\/div>\n\t\t\t\t<div class=\"elementor-element elementor-element-cf4e98b elementor-widget elementor-widget-heading\" data-id=\"cf4e98b\" data-element_type=\"widget\" data-e-type=\"widget\" data-widget_type=\"heading.default\">\n\t\t\t\t<div class=\"elementor-widget-container\">\n\t\t\t\t\t<h2 class=\"elementor-heading-title elementor-size-default\">Descupiniza\u00e7\u00e3o<\/h2>\t\t\t\t<\/div>\n\t\t\t\t<\/div>\n\t\t\t\t<div class=\"elementor-element elementor-element-231f763 elementor-widget elementor-widget-text-editor\" data-id=\"231f763\" data-element_type=\"widget\" data-e-type=\"widget\" data-widget_type=\"text-editor.default\">\n\t\t\t\t<div class=\"elementor-widget-container\">\n\t\t\t\t\t\t\t\t\t<p>A descupiniza\u00e7\u00e3o \u00e9 um servi\u00e7o espec\u00edfico para combater infesta\u00e7\u00f5es de cupins, que podem causar danos significativos a estruturas de madeira. Utilizando t\u00e9cnicas que variam desde a aplica\u00e7\u00e3o de inseticidas l\u00edquidos at\u00e9 o uso de barreiras qu\u00edmicas, esse servi\u00e7o visa eliminar col\u00f4nias de cupins e proteger efetivamente contra futuras infesta\u00e7\u00f5es, preservando a integridade das edifica\u00e7\u00f5es.<\/p>\t\t\t\t\t\t\t\t<\/div>\n\t\t\t\t<\/div>\n\t\t\t\t<div class=\"elementor-element elementor-element-41d30cb elementor-widget elementor-widget-heading\" data-id=\"41d30cb\" data-element_type=\"widget\" data-e-type=\"widget\" data-widget_type=\"heading.default\">\n\t\t\t\t<div class=\"elementor-widget-container\">\n\t\t\t\t\t<h2 class=\"elementor-heading-title elementor-size-default\">Limpeza de Caixa d\u2019\u00c1gua<\/h2>\t\t\t\t<\/div>\n\t\t\t\t<\/div>\n\t\t\t\t<div class=\"elementor-element elementor-element-c3769ce elementor-widget elementor-widget-text-editor\" data-id=\"c3769ce\" data-element_type=\"widget\" data-e-type=\"widget\" data-widget_type=\"text-editor.default\">\n\t\t\t\t<div class=\"elementor-widget-container\">\n\t\t\t\t\t\t\t\t\t<p>A limpeza de caixa d\u2019\u00e1gua \u00e9 fundamental para garantir a qualidade da \u00e1gua consumida em resid\u00eancias e estabelecimentos. Esse servi\u00e7o envolve a remo\u00e7\u00e3o de res\u00edduos, sedimentos e impurezas presentes no interior da caixa d\u2019\u00e1gua, promovendo a higieniza\u00e7\u00e3o do sistema. Realizada periodicamente, a limpeza contribui para prevenir a prolifera\u00e7\u00e3o de bact\u00e9rias e garantir a seguran\u00e7a do abastecimento de \u00e1gua.<\/p>\t\t\t\t\t\t\t\t<\/div>\n\t\t\t\t<\/div>\n\t\t\t\t<div class=\"elementor-element elementor-element-023296d elementor-widget elementor-widget-heading\" data-id=\"023296d\" data-element_type=\"widget\" data-e-type=\"widget\" data-widget_type=\"heading.default\">\n\t\t\t\t<div class=\"elementor-widget-container\">\n\t\t\t\t\t<h2 class=\"elementor-heading-title elementor-size-default\">Limpeza de Caixa de Gordura<\/h2>\t\t\t\t<\/div>\n\t\t\t\t<\/div>\n\t\t\t\t<div class=\"elementor-element elementor-element-dac4ad3 elementor-widget elementor-widget-text-editor\" data-id=\"dac4ad3\" data-element_type=\"widget\" data-e-type=\"widget\" data-widget_type=\"text-editor.default\">\n\t\t\t\t<div class=\"elementor-widget-container\">\n\t\t\t\t\t\t\t\t\t<p>A limpeza de caixa de gordura \u00e9 um servi\u00e7o destinado a evitar o ac\u00famulo de res\u00edduos gordurosos em sistemas de esgoto. A caixa de gordura ret\u00e9m \u00f3leos e gorduras provenientes de cozinhas e \u00e1reas similares, prevenindo a obstru\u00e7\u00e3o das tubula\u00e7\u00f5es. A limpeza peri\u00f3dica dessa estrutura \u00e9 essencial para assegurar o bom funcionamento do sistema de esgoto, evitando problemas como entupimentos e mau odor.<\/p>\t\t\t\t\t\t\t\t<\/div>\n\t\t\t\t<\/div>\n\t\t\t\t\t<\/div>\n\t\t<\/div>\n\t\t\t\t\t<\/div>\n\t\t<\/section>\n\t\t\t\t<section class=\"elementor-section elementor-top-section elementor-element elementor-element-de34415 elementor-section-boxed elementor-section-height-default elementor-section-height-default\" data-id=\"de34415\" data-element_type=\"section\" data-e-type=\"section\" data-settings=\"{&quot;background_background&quot;:&quot;classic&quot;}\">\n\t\t\t\t\t\t<div class=\"elementor-container elementor-column-gap-default\">\n\t\t\t\t\t<div class=\"elementor-column elementor-col-100 elementor-top-column elementor-element elementor-element-b083634\" data-id=\"b083634\" data-element_type=\"column\" data-e-type=\"column\">\n\t\t\t<div class=\"elementor-widget-wrap elementor-element-populated\">\n\t\t\t\t\t\t<section class=\"elementor-section elementor-inner-section elementor-element elementor-element-ebf221a elementor-section-boxed elementor-section-height-default elementor-section-height-default\" data-id=\"ebf221a\" data-element_type=\"section\" data-e-type=\"section\">\n\t\t\t\t\t\t<div class=\"elementor-container elementor-column-gap-default\">\n\t\t\t\t\t<div class=\"elementor-column elementor-col-50 elementor-inner-column elementor-element elementor-element-9610200\" data-id=\"9610200\" data-element_type=\"column\" data-e-type=\"column\">\n\t\t\t<div class=\"elementor-widget-wrap elementor-element-populated\">\n\t\t\t\t\t\t<div class=\"elementor-element elementor-element-127b4cd elementor-widget elementor-widget-heading\" data-id=\"127b4cd\" data-element_type=\"widget\" data-e-type=\"widget\" data-widget_type=\"heading.default\">\n\t\t\t\t<div class=\"elementor-widget-container\">\n\t\t\t\t\t<h2 class=\"elementor-heading-title elementor-size-default\">Atendimento Personalizado e Transparente<\/h2>\t\t\t\t<\/div>\n\t\t\t\t<\/div>\n\t\t\t\t\t<\/div>\n\t\t<\/div>\n\t\t\t\t<div class=\"elementor-column elementor-col-50 elementor-inner-column elementor-element elementor-element-d87e064\" data-id=\"d87e064\" data-element_type=\"column\" data-e-type=\"column\">\n\t\t\t<div class=\"elementor-widget-wrap elementor-element-populated\">\n\t\t\t\t\t\t<div class=\"elementor-element elementor-element-f2ac351 elementor-widget elementor-widget-text-editor\" data-id=\"f2ac351\" data-element_type=\"widget\" data-e-type=\"widget\" data-widget_type=\"text-editor.default\">\n\t\t\t\t<div class=\"elementor-widget-container\">\n\t\t\t\t\t\t\t\t\t<p>Diferenciamo-nos pelo atendimento personalizado e transparente desde o primeiro contato at\u00e9 a conclus\u00e3o do servi\u00e7o. Entendemos que cada propriedade tem necessidades \u00fanicas, e \u00e9 por isso que nossa equipe realiza uma avalia\u00e7\u00e3o detalhada antes de recomendar solu\u00e7\u00f5es espec\u00edficas.<\/p>\t\t\t\t\t\t\t\t<\/div>\n\t\t\t\t<\/div>\n\t\t\t\t\t<\/div>\n\t\t<\/div>\n\t\t\t\t\t<\/div>\n\t\t<\/section>\n\t\t\t\t\t<\/div>\n\t\t<\/div>\n\t\t\t\t\t<\/div>\n\t\t<\/section>\n\t\t\t\t<section class=\"elementor-section elementor-top-section elementor-element elementor-element-3069898 elementor-section-height-min-height elementor-section-boxed elementor-section-height-default elementor-section-items-middle\" data-id=\"3069898\" data-element_type=\"section\" data-e-type=\"section\" data-settings=\"{&quot;background_background&quot;:&quot;classic&quot;}\">\n\t\t\t\t\t\t<div class=\"elementor-container elementor-column-gap-default\">\n\t\t\t\t\t<div class=\"elementor-column elementor-col-100 elementor-top-column elementor-element elementor-element-22d155a\" data-id=\"22d155a\" data-element_type=\"column\" data-e-type=\"column\">\n\t\t\t<div class=\"elementor-widget-wrap elementor-element-populated\">\n\t\t\t\t\t\t<section class=\"elementor-section elementor-inner-section elementor-element elementor-element-9cbe45e elementor-section-boxed elementor-section-height-default elementor-section-height-default\" data-id=\"9cbe45e\" data-element_type=\"section\" data-e-type=\"section\">\n\t\t\t\t\t\t<div class=\"elementor-container elementor-column-gap-default\">\n\t\t\t\t\t<div class=\"elementor-column elementor-col-100 elementor-inner-column elementor-element elementor-element-55f8bbd\" data-id=\"55f8bbd\" data-element_type=\"column\" data-e-type=\"column\" data-settings=\"{&quot;background_background&quot;:&quot;classic&quot;}\">\n\t\t\t<div class=\"elementor-widget-wrap elementor-element-populated\">\n\t\t\t\t\t\t<div class=\"elementor-element elementor-element-5f3e3b2 elementor-widget elementor-widget-heading\" data-id=\"5f3e3b2\" data-element_type=\"widget\" data-e-type=\"widget\" data-widget_type=\"heading.default\">\n\t\t\t\t<div class=\"elementor-widget-container\">\n\t\t\t\t\t<h2 class=\"elementor-heading-title elementor-size-default\">CONTATO<\/h2>\t\t\t\t<\/div>\n\t\t\t\t<\/div>\n\t\t\t\t<div class=\"elementor-element elementor-element-02cb341 elementor-widget__width-auto elementor-widget elementor-widget-heading\" data-id=\"02cb341\" data-element_type=\"widget\" data-e-type=\"widget\" data-widget_type=\"heading.default\">\n\t\t\t\t<div class=\"elementor-widget-container\">\n\t\t\t\t\t<p class=\"elementor-heading-title elementor-size-default\"><strong>\nE-Mail: <\/strong> <a href=\"#\">info@example.com<\/a>\n<br \/>\n<strong>\nTelefon: <\/strong> <a href=\"#\">(35) 3222-8863<\/a>\n<br \/>\n<strong>\nAdresse: <\/strong> Avenida Maria Rosa, 111 - S\u00e3o Sebasti\u00e3o - Varginha\/MG<\/p>\t\t\t\t<\/div>\n\t\t\t\t<\/div>\n\t\t\t\t\t<\/div>\n\t\t<\/div>\n\t\t\t\t\t<\/div>\n\t\t<\/section>\n\t\t\t\t\t<\/div>\n\t\t<\/div>\n\t\t\t\t\t<\/div>\n\t\t<\/section>\n\t\t\t\t<\/div>\n\t\t","protected":false},"excerpt":{"rendered":"<p>Servi\u00e7os Dedetiza\u00e7\u00e3o A dedetiza\u00e7\u00e3o, tamb\u00e9m conhecida como descupiniza\u00e7\u00e3o, \u00e9 um servi\u00e7o destinado ao controle e combate de pragas como cupins e insetos rastejantes. Esse processo envolve a aplica\u00e7\u00e3o de produtos qu\u00edmicos espec\u00edficos que visam eliminar a infesta\u00e7\u00e3o existente e prevenir futuras infesta\u00e7\u00f5es. A dedetiza\u00e7\u00e3o \u00e9 essencial para proteger estruturas de madeira e manter a integridade [&hellip;]<\/p>\n","protected":false},"author":1,"featured_media":0,"parent":0,"menu_order":0,"comment_status":"closed","ping_status":"closed","template":"","meta":{"ocean_post_layout":"full-screen","ocean_both_sidebars_style":"","ocean_both_sidebars_content_width":0,"ocean_both_sidebars_sidebars_width":0,"ocean_sidebar":"0","ocean_second_sidebar":"0","ocean_disable_margins":"on","ocean_add_body_class":"","ocean_shortcode_before_top_bar":"","ocean_shortcode_after_top_bar":"","ocean_shortcode_before_header":"","ocean_shortcode_after_header":"","ocean_has_shortcode":"","ocean_shortcode_after_title":"","ocean_shortcode_before_footer_widgets":"","ocean_shortcode_after_footer_widgets":"","ocean_shortcode_before_footer_bottom":"","ocean_shortcode_after_footer_bottom":"","ocean_display_top_bar":"default","ocean_display_header":"default","ocean_header_style":"transparent","ocean_center_header_left_menu":"0","ocean_custom_header_template":"0","ocean_custom_logo":0,"ocean_custom_retina_logo":0,"ocean_custom_logo_max_width":0,"ocean_custom_logo_tablet_max_width":0,"ocean_custom_logo_mobile_max_width":0,"ocean_custom_logo_max_height":0,"ocean_custom_logo_tablet_max_height":0,"ocean_custom_logo_mobile_max_height":0,"ocean_header_custom_menu":"0","ocean_menu_typo_font_family":"0","ocean_menu_typo_font_subset":"","ocean_menu_typo_font_size":0,"ocean_menu_typo_font_size_tablet":0,"ocean_menu_typo_font_size_mobile":0,"ocean_menu_typo_font_size_unit":"px","ocean_menu_typo_font_weight":"","ocean_menu_typo_font_weight_tablet":"","ocean_menu_typo_font_weight_mobile":"","ocean_menu_typo_transform":"","ocean_menu_typo_transform_tablet":"","ocean_menu_typo_transform_mobile":"","ocean_menu_typo_line_height":0,"ocean_menu_typo_line_height_tablet":0,"ocean_menu_typo_line_height_mobile":0,"ocean_menu_typo_line_height_unit":"","ocean_menu_typo_spacing":0,"ocean_menu_typo_spacing_tablet":0,"ocean_menu_typo_spacing_mobile":0,"ocean_menu_typo_spacing_unit":"","ocean_menu_link_color":"#ffffff","ocean_menu_link_color_hover":"#6e8fef","ocean_menu_link_color_active":"#ffffff","ocean_menu_link_background":"","ocean_menu_link_hover_background":"","ocean_menu_link_active_background":"","ocean_menu_social_links_bg":"","ocean_menu_social_hover_links_bg":"","ocean_menu_social_links_color":"#ffffff","ocean_menu_social_hover_links_color":"#6e8fef","ocean_disable_title":"on","ocean_disable_heading":"default","ocean_post_title":"","ocean_post_subheading":"","ocean_post_title_style":"","ocean_post_title_background_color":"","ocean_post_title_background":0,"ocean_post_title_bg_image_position":"","ocean_post_title_bg_image_attachment":"","ocean_post_title_bg_image_repeat":"","ocean_post_title_bg_image_size":"","ocean_post_title_height":0,"ocean_post_title_bg_overlay":0.5,"ocean_post_title_bg_overlay_color":"","ocean_disable_breadcrumbs":"off","ocean_breadcrumbs_color":"","ocean_breadcrumbs_separator_color":"","ocean_breadcrumbs_links_color":"","ocean_breadcrumbs_links_hover_color":"","ocean_display_footer_widgets":"default","ocean_display_footer_bottom":"default","ocean_custom_footer_template":"0","footnotes":""},"class_list":["post-673","page","type-page","status-publish","hentry","entry"],"yoast_head":"<!-- This site is optimized with the Yoast SEO plugin v26.9 - https:\/\/yoast.com\/product\/yoast-seo-wordpress\/ -->\n<title>Portfolio - Dedeserv Varginha<\/title>\n<meta name=\"robots\" content=\"index, follow, max-snippet:-1, max-image-preview:large, max-video-preview:-1\" \/>\n<link rel=\"canonical\" href=\"http:\/\/dedeserv.com.br\/?page_id=673\" \/>\n<meta property=\"og:locale\" content=\"pt_BR\" \/>\n<meta property=\"og:type\" content=\"article\" \/>\n<meta property=\"og:title\" content=\"Portfolio - Dedeserv Varginha\" \/>\n<meta property=\"og:description\" content=\"Servi\u00e7os Dedetiza\u00e7\u00e3o A dedetiza\u00e7\u00e3o, tamb\u00e9m conhecida como descupiniza\u00e7\u00e3o, \u00e9 um servi\u00e7o destinado ao controle e combate de pragas como cupins e insetos rastejantes. Esse processo envolve a aplica\u00e7\u00e3o de produtos qu\u00edmicos espec\u00edficos que visam eliminar a infesta\u00e7\u00e3o existente e prevenir futuras infesta\u00e7\u00f5es. A dedetiza\u00e7\u00e3o \u00e9 essencial para proteger estruturas de madeira e manter a integridade [&hellip;]\" \/>\n<meta property=\"og:url\" content=\"http:\/\/dedeserv.com.br\/?page_id=673\" \/>\n<meta property=\"og:site_name\" content=\"Dedeserv Varginha\" \/>\n<meta property=\"article:publisher\" content=\"https:\/\/www.facebook.com\/dedeservga\/\" \/>\n<meta property=\"article:modified_time\" content=\"2026-01-20T20:04:38+00:00\" \/>\n<meta name=\"twitter:card\" content=\"summary_large_image\" \/>\n<meta name=\"twitter:label1\" content=\"Est. tempo de leitura\" \/>\n\t<meta name=\"twitter:data1\" content=\"2 minutos\" \/>\n<script type=\"application\/ld+json\" class=\"yoast-schema-graph\">{\"@context\":\"https:\/\/schema.org\",\"@graph\":[{\"@type\":\"WebPage\",\"@id\":\"http:\/\/dedeserv.com.br\/?page_id=673\",\"url\":\"http:\/\/dedeserv.com.br\/?page_id=673\",\"name\":\"Portfolio - Dedeserv Varginha\",\"isPartOf\":{\"@id\":\"https:\/\/dedeserv.com.br\/#website\"},\"datePublished\":\"2022-04-25T02:23:01+00:00\",\"dateModified\":\"2026-01-20T20:04:38+00:00\",\"breadcrumb\":{\"@id\":\"http:\/\/dedeserv.com.br\/?page_id=673#breadcrumb\"},\"inLanguage\":\"pt-BR\",\"potentialAction\":[{\"@type\":\"ReadAction\",\"target\":[\"http:\/\/dedeserv.com.br\/?page_id=673\"]}]},{\"@type\":\"BreadcrumbList\",\"@id\":\"http:\/\/dedeserv.com.br\/?page_id=673#breadcrumb\",\"itemListElement\":[{\"@type\":\"ListItem\",\"position\":1,\"name\":\"In\u00edcio\",\"item\":\"https:\/\/dedeserv.com.br\/\"},{\"@type\":\"ListItem\",\"position\":2,\"name\":\"Portfolio\"}]},{\"@type\":\"WebSite\",\"@id\":\"https:\/\/dedeserv.com.br\/#website\",\"url\":\"https:\/\/dedeserv.com.br\/\",\"name\":\"DEDESERV DESINSETIZACAO E PRESTACAO DE SERVICO DE LIMPEZA\",\"description\":\"Desinsetiza\u00e7\u00e3o Presta\u00e7\u00e3o de Servi\u00e7os de Limpeza\",\"publisher\":{\"@id\":\"https:\/\/dedeserv.com.br\/#organization\"},\"potentialAction\":[{\"@type\":\"SearchAction\",\"target\":{\"@type\":\"EntryPoint\",\"urlTemplate\":\"https:\/\/dedeserv.com.br\/?s={search_term_string}\"},\"query-input\":{\"@type\":\"PropertyValueSpecification\",\"valueRequired\":true,\"valueName\":\"search_term_string\"}}],\"inLanguage\":\"pt-BR\"},{\"@type\":\"Organization\",\"@id\":\"https:\/\/dedeserv.com.br\/#organization\",\"name\":\"DEDESERV DESINSETIZACAO E PRESTACAO DE SERVICO DE LIMPEZA\",\"url\":\"https:\/\/dedeserv.com.br\/\",\"logo\":{\"@type\":\"ImageObject\",\"inLanguage\":\"pt-BR\",\"@id\":\"https:\/\/dedeserv.com.br\/#\/schema\/logo\/image\/\",\"url\":\"https:\/\/dedeserv.com.br\/wp-content\/uploads\/2026\/01\/cropped-Designer.png\",\"contentUrl\":\"https:\/\/dedeserv.com.br\/wp-content\/uploads\/2026\/01\/cropped-Designer.png\",\"width\":512,\"height\":512,\"caption\":\"DEDESERV DESINSETIZACAO E PRESTACAO DE SERVICO DE LIMPEZA\"},\"image\":{\"@id\":\"https:\/\/dedeserv.com.br\/#\/schema\/logo\/image\/\"},\"sameAs\":[\"https:\/\/www.facebook.com\/dedeservga\/\",\"https:\/\/www.instagram.com\/dedeservdesinsetizacao\/\"]}]}<\/script>\n<!-- \/ Yoast SEO plugin. -->","yoast_head_json":{"title":"Portfolio - Dedeserv Varginha","robots":{"index":"index","follow":"follow","max-snippet":"max-snippet:-1","max-image-preview":"max-image-preview:large","max-video-preview":"max-video-preview:-1"},"canonical":"http:\/\/dedeserv.com.br\/?page_id=673","og_locale":"pt_BR","og_type":"article","og_title":"Portfolio - Dedeserv Varginha","og_description":"Servi\u00e7os Dedetiza\u00e7\u00e3o A dedetiza\u00e7\u00e3o, tamb\u00e9m conhecida como descupiniza\u00e7\u00e3o, \u00e9 um servi\u00e7o destinado ao controle e combate de pragas como cupins e insetos rastejantes. Esse processo envolve a aplica\u00e7\u00e3o de produtos qu\u00edmicos espec\u00edficos que visam eliminar a infesta\u00e7\u00e3o existente e prevenir futuras infesta\u00e7\u00f5es. A dedetiza\u00e7\u00e3o \u00e9 essencial para proteger estruturas de madeira e manter a integridade [&hellip;]","og_url":"http:\/\/dedeserv.com.br\/?page_id=673","og_site_name":"Dedeserv Varginha","article_publisher":"https:\/\/www.facebook.com\/dedeservga\/","article_modified_time":"2026-01-20T20:04:38+00:00","twitter_card":"summary_large_image","twitter_misc":{"Est. tempo de leitura":"2 minutos"},"schema":{"@context":"https:\/\/schema.org","@graph":[{"@type":"WebPage","@id":"http:\/\/dedeserv.com.br\/?page_id=673","url":"http:\/\/dedeserv.com.br\/?page_id=673","name":"Portfolio - Dedeserv Varginha","isPartOf":{"@id":"https:\/\/dedeserv.com.br\/#website"},"datePublished":"2022-04-25T02:23:01+00:00","dateModified":"2026-01-20T20:04:38+00:00","breadcrumb":{"@id":"http:\/\/dedeserv.com.br\/?page_id=673#breadcrumb"},"inLanguage":"pt-BR","potentialAction":[{"@type":"ReadAction","target":["http:\/\/dedeserv.com.br\/?page_id=673"]}]},{"@type":"BreadcrumbList","@id":"http:\/\/dedeserv.com.br\/?page_id=673#breadcrumb","itemListElement":[{"@type":"ListItem","position":1,"name":"In\u00edcio","item":"https:\/\/dedeserv.com.br\/"},{"@type":"ListItem","position":2,"name":"Portfolio"}]},{"@type":"WebSite","@id":"https:\/\/dedeserv.com.br\/#website","url":"https:\/\/dedeserv.com.br\/","name":"DEDESERV DESINSETIZACAO E PRESTACAO DE SERVICO DE LIMPEZA","description":"Desinsetiza\u00e7\u00e3o Presta\u00e7\u00e3o de Servi\u00e7os de Limpeza","publisher":{"@id":"https:\/\/dedeserv.com.br\/#organization"},"potentialAction":[{"@type":"SearchAction","target":{"@type":"EntryPoint","urlTemplate":"https:\/\/dedeserv.com.br\/?s={search_term_string}"},"query-input":{"@type":"PropertyValueSpecification","valueRequired":true,"valueName":"search_term_string"}}],"inLanguage":"pt-BR"},{"@type":"Organization","@id":"https:\/\/dedeserv.com.br\/#organization","name":"DEDESERV DESINSETIZACAO E PRESTACAO DE SERVICO DE LIMPEZA","url":"https:\/\/dedeserv.com.br\/","logo":{"@type":"ImageObject","inLanguage":"pt-BR","@id":"https:\/\/dedeserv.com.br\/#\/schema\/logo\/image\/","url":"https:\/\/dedeserv.com.br\/wp-content\/uploads\/2026\/01\/cropped-Designer.png","contentUrl":"https:\/\/dedeserv.com.br\/wp-content\/uploads\/2026\/01\/cropped-Designer.png","width":512,"height":512,"caption":"DEDESERV DESINSETIZACAO E PRESTACAO DE SERVICO DE LIMPEZA"},"image":{"@id":"https:\/\/dedeserv.com.br\/#\/schema\/logo\/image\/"},"sameAs":["https:\/\/www.facebook.com\/dedeservga\/","https:\/\/www.instagram.com\/dedeservdesinsetizacao\/"]}]}},"_links":{"self":[{"href":"https:\/\/dedeserv.com.br\/index.php?rest_route=\/wp\/v2\/pages\/673","targetHints":{"allow":["GET"]}}],"collection":[{"href":"https:\/\/dedeserv.com.br\/index.php?rest_route=\/wp\/v2\/pages"}],"about":[{"href":"https:\/\/dedeserv.com.br\/index.php?rest_route=\/wp\/v2\/types\/page"}],"author":[{"embeddable":true,"href":"https:\/\/dedeserv.com.br\/index.php?rest_route=\/wp\/v2\/users\/1"}],"replies":[{"embeddable":true,"href":"https:\/\/dedeserv.com.br\/index.php?rest_route=%2Fwp%2Fv2%2Fcomments&post=673"}],"version-history":[{"count":12,"href":"https:\/\/dedeserv.com.br\/index.php?rest_route=\/wp\/v2\/pages\/673\/revisions"}],"predecessor-version":[{"id":9251,"href":"https:\/\/dedeserv.com.br\/index.php?rest_route=\/wp\/v2\/pages\/673\/revisions\/9251"}],"wp:attachment":[{"href":"https:\/\/dedeserv.com.br\/index.php?rest_route=%2Fwp%2Fv2%2Fmedia&parent=673"}],"curies":[{"name":"wp","href":"https:\/\/api.w.org\/{rel}","templated":true}]}}