{"id":619,"date":"2022-04-25T01:40:02","date_gmt":"2022-04-25T01:40:02","guid":{"rendered":"https:\/\/architect.oceanwp.org\/?page_id=619"},"modified":"2026-02-07T10:07:24","modified_gmt":"2026-02-07T13:07:24","slug":"about-us","status":"publish","type":"page","link":"https:\/\/dedeserv.com.br\/?page_id=619","title":{"rendered":"About Us"},"content":{"rendered":"\t\t<div data-elementor-type=\"wp-page\" data-elementor-id=\"619\" class=\"elementor elementor-619\">\n\t\t\t\t\t\t<section class=\"elementor-section elementor-top-section elementor-element elementor-element-c7bde32 elementor-section-height-min-height elementor-section-boxed elementor-section-height-default elementor-section-items-middle\" data-id=\"c7bde32\" data-element_type=\"section\" data-e-type=\"section\" data-settings=\"{&quot;background_background&quot;:&quot;classic&quot;}\">\n\t\t\t\t\t\t<div class=\"elementor-container elementor-column-gap-default\">\n\t\t\t\t\t<div class=\"elementor-column elementor-col-100 elementor-top-column elementor-element elementor-element-8ca406c\" data-id=\"8ca406c\" data-element_type=\"column\" data-e-type=\"column\">\n\t\t\t<div class=\"elementor-widget-wrap elementor-element-populated\">\n\t\t\t\t\t\t<div class=\"elementor-element elementor-element-fb64808 elementor-widget-divider--view-line elementor-widget elementor-widget-divider\" data-id=\"fb64808\" data-element_type=\"widget\" data-e-type=\"widget\" data-widget_type=\"divider.default\">\n\t\t\t\t<div class=\"elementor-widget-container\">\n\t\t\t\t\t\t\t<div class=\"elementor-divider\">\n\t\t\t<span class=\"elementor-divider-separator\">\n\t\t\t\t\t\t<\/span>\n\t\t<\/div>\n\t\t\t\t\t\t<\/div>\n\t\t\t\t<\/div>\n\t\t\t\t<div class=\"elementor-element elementor-element-5c316fb elementor-widget elementor-widget-heading\" data-id=\"5c316fb\" data-element_type=\"widget\" data-e-type=\"widget\" data-widget_type=\"heading.default\">\n\t\t\t\t<div class=\"elementor-widget-container\">\n\t\t\t\t\t<h1 class=\"elementor-heading-title elementor-size-default\">Quem Somos?<\/h1>\t\t\t\t<\/div>\n\t\t\t\t<\/div>\n\t\t\t\t\t<\/div>\n\t\t<\/div>\n\t\t\t\t\t<\/div>\n\t\t<\/section>\n\t\t\t\t<section class=\"elementor-section elementor-top-section elementor-element elementor-element-8f2a3b1 elementor-section-boxed elementor-section-height-default elementor-section-height-default\" data-id=\"8f2a3b1\" data-element_type=\"section\" data-e-type=\"section\">\n\t\t\t\t\t\t<div class=\"elementor-container elementor-column-gap-default\">\n\t\t\t\t\t<div class=\"elementor-column elementor-col-100 elementor-top-column elementor-element elementor-element-9427d45\" data-id=\"9427d45\" data-element_type=\"column\" data-e-type=\"column\">\n\t\t\t<div class=\"elementor-widget-wrap elementor-element-populated\">\n\t\t\t\t\t\t<div class=\"elementor-element elementor-element-72ec90f elementor-widget elementor-widget-spacer\" data-id=\"72ec90f\" data-element_type=\"widget\" data-e-type=\"widget\" data-widget_type=\"spacer.default\">\n\t\t\t\t<div class=\"elementor-widget-container\">\n\t\t\t\t\t\t\t<div class=\"elementor-spacer\">\n\t\t\t<div class=\"elementor-spacer-inner\"><\/div>\n\t\t<\/div>\n\t\t\t\t\t\t<\/div>\n\t\t\t\t<\/div>\n\t\t\t\t<div class=\"elementor-element elementor-element-93e13d7 elementor-widget elementor-widget-spacer\" data-id=\"93e13d7\" data-element_type=\"widget\" data-e-type=\"widget\" data-widget_type=\"spacer.default\">\n\t\t\t\t<div class=\"elementor-widget-container\">\n\t\t\t\t\t\t\t<div class=\"elementor-spacer\">\n\t\t\t<div class=\"elementor-spacer-inner\"><\/div>\n\t\t<\/div>\n\t\t\t\t\t\t<\/div>\n\t\t\t\t<\/div>\n\t\t\t\t<section class=\"elementor-section elementor-inner-section elementor-element elementor-element-f162c40 elementor-section-content-middle elementor-section-boxed elementor-section-height-default elementor-section-height-default\" data-id=\"f162c40\" data-element_type=\"section\" data-e-type=\"section\">\n\t\t\t\t\t\t<div class=\"elementor-container elementor-column-gap-no\">\n\t\t\t\t\t<div class=\"elementor-column elementor-col-50 elementor-inner-column elementor-element elementor-element-dacf0d5\" data-id=\"dacf0d5\" data-element_type=\"column\" data-e-type=\"column\">\n\t\t\t<div class=\"elementor-widget-wrap elementor-element-populated\">\n\t\t\t\t\t\t<div class=\"elementor-element elementor-element-692d71b elementor-widget elementor-widget-image\" data-id=\"692d71b\" data-element_type=\"widget\" data-e-type=\"widget\" data-widget_type=\"image.default\">\n\t\t\t\t<div class=\"elementor-widget-container\">\n\t\t\t\t\t\t\t\t\t\t\t\t\t\t\t<img decoding=\"async\" data-src=\"https:\/\/architect.oceanwp.org\/wp-content\/uploads\/2022\/04\/oceanwp-architect-image-005.jpg\" title=\"\" alt=\"\" src=\"data:image\/svg+xml;base64,PHN2ZyB3aWR0aD0iMSIgaGVpZ2h0PSIxIiB4bWxucz0iaHR0cDovL3d3dy53My5vcmcvMjAwMC9zdmciPjwvc3ZnPg==\" class=\"lazyload\" \/>\t\t\t\t\t\t\t\t\t\t\t\t\t\t\t<\/div>\n\t\t\t\t<\/div>\n\t\t\t\t\t<\/div>\n\t\t<\/div>\n\t\t\t\t<div class=\"elementor-column elementor-col-50 elementor-inner-column elementor-element elementor-element-9a4d4d6\" data-id=\"9a4d4d6\" data-element_type=\"column\" data-e-type=\"column\">\n\t\t\t<div class=\"elementor-widget-wrap elementor-element-populated\">\n\t\t\t\t\t\t<div class=\"elementor-element elementor-element-34b29bf elementor-widget elementor-widget-spacer\" data-id=\"34b29bf\" data-element_type=\"widget\" data-e-type=\"widget\" data-widget_type=\"spacer.default\">\n\t\t\t\t<div class=\"elementor-widget-container\">\n\t\t\t\t\t\t\t<div class=\"elementor-spacer\">\n\t\t\t<div class=\"elementor-spacer-inner\"><\/div>\n\t\t<\/div>\n\t\t\t\t\t\t<\/div>\n\t\t\t\t<\/div>\n\t\t\t\t<div class=\"elementor-element elementor-element-f680795 elementor-widget-divider--view-line elementor-widget elementor-widget-divider\" data-id=\"f680795\" data-element_type=\"widget\" data-e-type=\"widget\" data-widget_type=\"divider.default\">\n\t\t\t\t<div class=\"elementor-widget-container\">\n\t\t\t\t\t\t\t<div class=\"elementor-divider\">\n\t\t\t<span class=\"elementor-divider-separator\">\n\t\t\t\t\t\t<\/span>\n\t\t<\/div>\n\t\t\t\t\t\t<\/div>\n\t\t\t\t<\/div>\n\t\t\t\t<div class=\"elementor-element elementor-element-0255a9f elementor-widget elementor-widget-heading\" data-id=\"0255a9f\" data-element_type=\"widget\" data-e-type=\"widget\" data-widget_type=\"heading.default\">\n\t\t\t\t<div class=\"elementor-widget-container\">\n\t\t\t\t\t<h2 class=\"elementor-heading-title elementor-size-default\">Nossa Hist\u00f3ria<\/h2>\t\t\t\t<\/div>\n\t\t\t\t<\/div>\n\t\t\t\t<div class=\"elementor-element elementor-element-1d444c1 elementor-widget elementor-widget-heading\" data-id=\"1d444c1\" data-element_type=\"widget\" data-e-type=\"widget\" data-widget_type=\"heading.default\">\n\t\t\t\t<div class=\"elementor-widget-container\">\n\t\t\t\t\t<p class=\"elementor-heading-title elementor-size-default\">Ol\u00e1, somos a Dedeserv\n<br><br>\nSua parceira confi\u00e1vel em servi\u00e7os de dedetiza\u00e7\u00e3o, desratiza\u00e7\u00e3o, e limpeza especializada. Com um compromisso inabal\u00e1vel com a seguran\u00e7a e o conforto do seu lar ou estabelecimento comercial, estamos aqui para oferecer solu\u00e7\u00f5es eficazes e personalizadas para o controle de pragas. Nossa equipe de profissionais altamente capacitados e constantemente treinados est\u00e1 pronta para enfrentar qualquer desafio, garantindo um ambiente livre de insetos e roedores indesejados.\n<br><br>\nNa Dedeserv, acreditamos que um atendimento excepcional \u00e9 a base de qualquer relacionamento duradouro. Estamos comprometidos em superar as expectativas de nossos clientes, proporcionando um servi\u00e7o de qualidade, transparente e eficiente. Desde a avalia\u00e7\u00e3o inicial at\u00e9 a execu\u00e7\u00e3o do servi\u00e7o, voc\u00ea pode contar conosco para abordar cada detalhe com precis\u00e3o e cuidado. Sua satisfa\u00e7\u00e3o \u00e9 nossa prioridade, e trabalhamos incansavelmente para criar ambientes livres de pragas, promovendo o bem-estar e a sa\u00fade.\n<br><br>\nAl\u00e9m dos servi\u00e7os de dedetiza\u00e7\u00e3o e desratiza\u00e7\u00e3o, oferecemos especializa\u00e7\u00e3o na limpeza de caixas d\u2019\u00e1gua e gordura, contribuindo para a manuten\u00e7\u00e3o da higiene e seguran\u00e7a dos sistemas essenciais em sua propriedade. Conte conosco para solu\u00e7\u00f5es abrangentes e eficazes, respaldadas por anos de experi\u00eancia e um compromisso inabal\u00e1vel com a qualidade. Fa\u00e7a da Dedeserv sua escolha confi\u00e1vel para um ambiente livre de pragas e seguro para todos.<\/p>\t\t\t\t<\/div>\n\t\t\t\t<\/div>\n\t\t\t\t<div class=\"elementor-element elementor-element-6574349 elementor-widget elementor-widget-spacer\" data-id=\"6574349\" data-element_type=\"widget\" data-e-type=\"widget\" data-widget_type=\"spacer.default\">\n\t\t\t\t<div class=\"elementor-widget-container\">\n\t\t\t\t\t\t\t<div class=\"elementor-spacer\">\n\t\t\t<div class=\"elementor-spacer-inner\"><\/div>\n\t\t<\/div>\n\t\t\t\t\t\t<\/div>\n\t\t\t\t<\/div>\n\t\t\t\t\t<\/div>\n\t\t<\/div>\n\t\t\t\t\t<\/div>\n\t\t<\/section>\n\t\t\t\t\t<\/div>\n\t\t<\/div>\n\t\t\t\t\t<\/div>\n\t\t<\/section>\n\t\t\t\t<section class=\"elementor-section elementor-top-section elementor-element elementor-element-19e9dbc elementor-section-full_width elementor-section-height-min-height elementor-section-height-default elementor-section-items-middle\" data-id=\"19e9dbc\" data-element_type=\"section\" data-e-type=\"section\" data-settings=\"{&quot;background_background&quot;:&quot;classic&quot;}\">\n\t\t\t\t\t\t\t<div class=\"elementor-background-overlay\"><\/div>\n\t\t\t\t\t\t\t<div class=\"elementor-container elementor-column-gap-default\">\n\t\t\t\t\t<div class=\"elementor-column elementor-col-100 elementor-top-column elementor-element elementor-element-c93658a\" data-id=\"c93658a\" data-element_type=\"column\" data-e-type=\"column\">\n\t\t\t<div class=\"elementor-widget-wrap elementor-element-populated\">\n\t\t\t\t\t\t<section class=\"elementor-section elementor-inner-section elementor-element elementor-element-b42342c elementor-section-boxed elementor-section-height-default elementor-section-height-default\" data-id=\"b42342c\" data-element_type=\"section\" data-e-type=\"section\">\n\t\t\t\t\t\t<div class=\"elementor-container elementor-column-gap-default\">\n\t\t\t\t\t<div class=\"elementor-column elementor-col-100 elementor-inner-column elementor-element elementor-element-0a71c0e\" data-id=\"0a71c0e\" data-element_type=\"column\" data-e-type=\"column\">\n\t\t\t<div class=\"elementor-widget-wrap elementor-element-populated\">\n\t\t\t\t\t\t<div class=\"elementor-element elementor-element-58b0062 elementor-widget elementor-widget-heading\" data-id=\"58b0062\" data-element_type=\"widget\" data-e-type=\"widget\" data-widget_type=\"heading.default\">\n\t\t\t\t<div class=\"elementor-widget-container\">\n\t\t\t\t\t<h2 class=\"elementor-heading-title elementor-size-default\"><a href=\"#\">Experi\u00eancia e Inova\u00e7\u00e3o<\/a>\n\n\u2014\n\n<a href=\"#\">Atendimento Personalizado<\/a>\n\n\u2014\n\n<a href=\"#\">Comprometimento com a Seguran\u00e7a<\/a><\/h2>\t\t\t\t<\/div>\n\t\t\t\t<\/div>\n\t\t\t\t\t<\/div>\n\t\t<\/div>\n\t\t\t\t\t<\/div>\n\t\t<\/section>\n\t\t\t\t\t<\/div>\n\t\t<\/div>\n\t\t\t\t\t<\/div>\n\t\t<\/section>\n\t\t\t\t<section class=\"elementor-section elementor-top-section elementor-element elementor-element-e26a299 elementor-section-height-min-height elementor-section-boxed elementor-section-height-default elementor-section-items-middle\" data-id=\"e26a299\" data-element_type=\"section\" data-e-type=\"section\" data-settings=\"{&quot;background_background&quot;:&quot;classic&quot;}\">\n\t\t\t\t\t\t<div class=\"elementor-container elementor-column-gap-default\">\n\t\t\t\t\t<div class=\"elementor-column elementor-col-100 elementor-top-column elementor-element elementor-element-9787601\" data-id=\"9787601\" data-element_type=\"column\" data-e-type=\"column\">\n\t\t\t<div class=\"elementor-widget-wrap elementor-element-populated\">\n\t\t\t\t\t\t<section class=\"elementor-section elementor-inner-section elementor-element elementor-element-26459ec elementor-section-boxed elementor-section-height-default elementor-section-height-default\" data-id=\"26459ec\" data-element_type=\"section\" data-e-type=\"section\">\n\t\t\t\t\t\t<div class=\"elementor-container elementor-column-gap-default\">\n\t\t\t\t\t<div class=\"elementor-column elementor-col-100 elementor-inner-column elementor-element elementor-element-d6a196c\" data-id=\"d6a196c\" data-element_type=\"column\" data-e-type=\"column\" data-settings=\"{&quot;background_background&quot;:&quot;classic&quot;}\">\n\t\t\t<div class=\"elementor-widget-wrap elementor-element-populated\">\n\t\t\t\t\t\t<div class=\"elementor-element elementor-element-16fbd7c elementor-widget elementor-widget-heading\" data-id=\"16fbd7c\" data-element_type=\"widget\" data-e-type=\"widget\" data-widget_type=\"heading.default\">\n\t\t\t\t<div class=\"elementor-widget-container\">\n\t\t\t\t\t<h2 class=\"elementor-heading-title elementor-size-default\">CONTATO<\/h2>\t\t\t\t<\/div>\n\t\t\t\t<\/div>\n\t\t\t\t<div class=\"elementor-element elementor-element-db3e463 elementor-widget__width-auto elementor-widget elementor-widget-heading\" data-id=\"db3e463\" data-element_type=\"widget\" data-e-type=\"widget\" data-widget_type=\"heading.default\">\n\t\t\t\t<div class=\"elementor-widget-container\">\n\t\t\t\t\t<p class=\"elementor-heading-title elementor-size-default\"><strong>\nE-Mail: <\/strong> <a href=\"#\">info@example.com<\/a>\n<br \/>\n<strong>\nTelefon: <\/strong> <a href=\"#\">(35) 3222-8863<\/a>\n<br \/>\n<strong>\nAdresse: <\/strong> Avenida Maria Rosa, 111 - S\u00e3o Sebasti\u00e3o - Varginha\/MG<\/p>\t\t\t\t<\/div>\n\t\t\t\t<\/div>\n\t\t\t\t\t<\/div>\n\t\t<\/div>\n\t\t\t\t\t<\/div>\n\t\t<\/section>\n\t\t\t\t\t<\/div>\n\t\t<\/div>\n\t\t\t\t\t<\/div>\n\t\t<\/section>\n\t\t\t\t<\/div>\n\t\t","protected":false},"excerpt":{"rendered":"<p>Quem Somos? Nossa Hist\u00f3ria Ol\u00e1, somos a Dedeserv Sua parceira confi\u00e1vel em servi\u00e7os de dedetiza\u00e7\u00e3o, desratiza\u00e7\u00e3o, e limpeza especializada. Com um compromisso inabal\u00e1vel com a seguran\u00e7a e o conforto do seu lar ou estabelecimento comercial, estamos aqui para oferecer solu\u00e7\u00f5es eficazes e personalizadas para o controle de pragas. Nossa equipe de profissionais altamente capacitados e [&hellip;]<\/p>\n","protected":false},"author":1,"featured_media":0,"parent":0,"menu_order":0,"comment_status":"closed","ping_status":"closed","template":"","meta":{"ocean_post_layout":"full-screen","ocean_both_sidebars_style":"","ocean_both_sidebars_content_width":0,"ocean_both_sidebars_sidebars_width":0,"ocean_sidebar":"0","ocean_second_sidebar":"0","ocean_disable_margins":"on","ocean_add_body_class":"","ocean_shortcode_before_top_bar":"","ocean_shortcode_after_top_bar":"","ocean_shortcode_before_header":"","ocean_shortcode_after_header":"","ocean_has_shortcode":"","ocean_shortcode_after_title":"","ocean_shortcode_before_footer_widgets":"","ocean_shortcode_after_footer_widgets":"","ocean_shortcode_before_footer_bottom":"","ocean_shortcode_after_footer_bottom":"","ocean_display_top_bar":"default","ocean_display_header":"default","ocean_header_style":"transparent","ocean_center_header_left_menu":"0","ocean_custom_header_template":"0","ocean_custom_logo":0,"ocean_custom_retina_logo":0,"ocean_custom_logo_max_width":0,"ocean_custom_logo_tablet_max_width":0,"ocean_custom_logo_mobile_max_width":0,"ocean_custom_logo_max_height":0,"ocean_custom_logo_tablet_max_height":0,"ocean_custom_logo_mobile_max_height":0,"ocean_header_custom_menu":"0","ocean_menu_typo_font_family":"0","ocean_menu_typo_font_subset":"","ocean_menu_typo_font_size":0,"ocean_menu_typo_font_size_tablet":0,"ocean_menu_typo_font_size_mobile":0,"ocean_menu_typo_font_size_unit":"px","ocean_menu_typo_font_weight":"","ocean_menu_typo_font_weight_tablet":"","ocean_menu_typo_font_weight_mobile":"","ocean_menu_typo_transform":"","ocean_menu_typo_transform_tablet":"","ocean_menu_typo_transform_mobile":"","ocean_menu_typo_line_height":0,"ocean_menu_typo_line_height_tablet":0,"ocean_menu_typo_line_height_mobile":0,"ocean_menu_typo_line_height_unit":"","ocean_menu_typo_spacing":0,"ocean_menu_typo_spacing_tablet":0,"ocean_menu_typo_spacing_mobile":0,"ocean_menu_typo_spacing_unit":"","ocean_menu_link_color":"#ffffff","ocean_menu_link_color_hover":"#6e8fef","ocean_menu_link_color_active":"#ffffff","ocean_menu_link_background":"","ocean_menu_link_hover_background":"","ocean_menu_link_active_background":"","ocean_menu_social_links_bg":"","ocean_menu_social_hover_links_bg":"","ocean_menu_social_links_color":"#ffffff","ocean_menu_social_hover_links_color":"#6e8fef","ocean_disable_title":"on","ocean_disable_heading":"default","ocean_post_title":"","ocean_post_subheading":"","ocean_post_title_style":"","ocean_post_title_background_color":"","ocean_post_title_background":0,"ocean_post_title_bg_image_position":"","ocean_post_title_bg_image_attachment":"","ocean_post_title_bg_image_repeat":"","ocean_post_title_bg_image_size":"","ocean_post_title_height":0,"ocean_post_title_bg_overlay":0.5,"ocean_post_title_bg_overlay_color":"","ocean_disable_breadcrumbs":"off","ocean_breadcrumbs_color":"","ocean_breadcrumbs_separator_color":"","ocean_breadcrumbs_links_color":"","ocean_breadcrumbs_links_hover_color":"","ocean_display_footer_widgets":"default","ocean_display_footer_bottom":"default","ocean_custom_footer_template":"0","footnotes":""},"class_list":["post-619","page","type-page","status-publish","hentry","entry"],"yoast_head":"<!-- This site is optimized with the Yoast SEO plugin v26.9 - https:\/\/yoast.com\/product\/yoast-seo-wordpress\/ -->\n<title>About Us - Dedeserv Varginha<\/title>\n<meta name=\"robots\" content=\"index, follow, max-snippet:-1, max-image-preview:large, max-video-preview:-1\" \/>\n<link rel=\"canonical\" href=\"http:\/\/dedeserv.com.br\/?page_id=619\" \/>\n<meta property=\"og:locale\" content=\"pt_BR\" \/>\n<meta property=\"og:type\" content=\"article\" \/>\n<meta property=\"og:title\" content=\"About Us - Dedeserv Varginha\" \/>\n<meta property=\"og:description\" content=\"Quem Somos? Nossa Hist\u00f3ria Ol\u00e1, somos a Dedeserv Sua parceira confi\u00e1vel em servi\u00e7os de dedetiza\u00e7\u00e3o, desratiza\u00e7\u00e3o, e limpeza especializada. Com um compromisso inabal\u00e1vel com a seguran\u00e7a e o conforto do seu lar ou estabelecimento comercial, estamos aqui para oferecer solu\u00e7\u00f5es eficazes e personalizadas para o controle de pragas. Nossa equipe de profissionais altamente capacitados e [&hellip;]\" \/>\n<meta property=\"og:url\" content=\"http:\/\/dedeserv.com.br\/?page_id=619\" \/>\n<meta property=\"og:site_name\" content=\"Dedeserv Varginha\" \/>\n<meta property=\"article:publisher\" content=\"https:\/\/www.facebook.com\/dedeservga\/\" \/>\n<meta property=\"article:modified_time\" content=\"2026-02-07T13:07:24+00:00\" \/>\n<meta property=\"og:image\" content=\"https:\/\/architect.oceanwp.org\/wp-content\/uploads\/2022\/04\/oceanwp-architect-image-005.jpg\" \/>\n<meta name=\"twitter:card\" content=\"summary_large_image\" \/>\n<meta name=\"twitter:label1\" content=\"Est. tempo de leitura\" \/>\n\t<meta name=\"twitter:data1\" content=\"2 minutos\" \/>\n<script type=\"application\/ld+json\" class=\"yoast-schema-graph\">{\"@context\":\"https:\/\/schema.org\",\"@graph\":[{\"@type\":\"WebPage\",\"@id\":\"http:\/\/dedeserv.com.br\/?page_id=619\",\"url\":\"http:\/\/dedeserv.com.br\/?page_id=619\",\"name\":\"About Us - Dedeserv Varginha\",\"isPartOf\":{\"@id\":\"https:\/\/dedeserv.com.br\/#website\"},\"primaryImageOfPage\":{\"@id\":\"http:\/\/dedeserv.com.br\/?page_id=619#primaryimage\"},\"image\":{\"@id\":\"http:\/\/dedeserv.com.br\/?page_id=619#primaryimage\"},\"thumbnailUrl\":\"https:\/\/architect.oceanwp.org\/wp-content\/uploads\/2022\/04\/oceanwp-architect-image-005.jpg\",\"datePublished\":\"2022-04-25T01:40:02+00:00\",\"dateModified\":\"2026-02-07T13:07:24+00:00\",\"breadcrumb\":{\"@id\":\"http:\/\/dedeserv.com.br\/?page_id=619#breadcrumb\"},\"inLanguage\":\"pt-BR\",\"potentialAction\":[{\"@type\":\"ReadAction\",\"target\":[\"http:\/\/dedeserv.com.br\/?page_id=619\"]}]},{\"@type\":\"ImageObject\",\"inLanguage\":\"pt-BR\",\"@id\":\"http:\/\/dedeserv.com.br\/?page_id=619#primaryimage\",\"url\":\"https:\/\/architect.oceanwp.org\/wp-content\/uploads\/2022\/04\/oceanwp-architect-image-005.jpg\",\"contentUrl\":\"https:\/\/architect.oceanwp.org\/wp-content\/uploads\/2022\/04\/oceanwp-architect-image-005.jpg\"},{\"@type\":\"BreadcrumbList\",\"@id\":\"http:\/\/dedeserv.com.br\/?page_id=619#breadcrumb\",\"itemListElement\":[{\"@type\":\"ListItem\",\"position\":1,\"name\":\"In\u00edcio\",\"item\":\"https:\/\/dedeserv.com.br\/\"},{\"@type\":\"ListItem\",\"position\":2,\"name\":\"About Us\"}]},{\"@type\":\"WebSite\",\"@id\":\"https:\/\/dedeserv.com.br\/#website\",\"url\":\"https:\/\/dedeserv.com.br\/\",\"name\":\"DEDESERV DESINSETIZACAO E PRESTACAO DE SERVICO DE LIMPEZA\",\"description\":\"Desinsetiza\u00e7\u00e3o Presta\u00e7\u00e3o de Servi\u00e7os de Limpeza\",\"publisher\":{\"@id\":\"https:\/\/dedeserv.com.br\/#organization\"},\"potentialAction\":[{\"@type\":\"SearchAction\",\"target\":{\"@type\":\"EntryPoint\",\"urlTemplate\":\"https:\/\/dedeserv.com.br\/?s={search_term_string}\"},\"query-input\":{\"@type\":\"PropertyValueSpecification\",\"valueRequired\":true,\"valueName\":\"search_term_string\"}}],\"inLanguage\":\"pt-BR\"},{\"@type\":\"Organization\",\"@id\":\"https:\/\/dedeserv.com.br\/#organization\",\"name\":\"DEDESERV DESINSETIZACAO E PRESTACAO DE SERVICO DE LIMPEZA\",\"url\":\"https:\/\/dedeserv.com.br\/\",\"logo\":{\"@type\":\"ImageObject\",\"inLanguage\":\"pt-BR\",\"@id\":\"https:\/\/dedeserv.com.br\/#\/schema\/logo\/image\/\",\"url\":\"https:\/\/dedeserv.com.br\/wp-content\/uploads\/2026\/01\/cropped-Designer.png\",\"contentUrl\":\"https:\/\/dedeserv.com.br\/wp-content\/uploads\/2026\/01\/cropped-Designer.png\",\"width\":512,\"height\":512,\"caption\":\"DEDESERV DESINSETIZACAO E PRESTACAO DE SERVICO DE LIMPEZA\"},\"image\":{\"@id\":\"https:\/\/dedeserv.com.br\/#\/schema\/logo\/image\/\"},\"sameAs\":[\"https:\/\/www.facebook.com\/dedeservga\/\",\"https:\/\/www.instagram.com\/dedeservdesinsetizacao\/\"]}]}<\/script>\n<!-- \/ Yoast SEO plugin. -->","yoast_head_json":{"title":"About Us - Dedeserv Varginha","robots":{"index":"index","follow":"follow","max-snippet":"max-snippet:-1","max-image-preview":"max-image-preview:large","max-video-preview":"max-video-preview:-1"},"canonical":"http:\/\/dedeserv.com.br\/?page_id=619","og_locale":"pt_BR","og_type":"article","og_title":"About Us - Dedeserv Varginha","og_description":"Quem Somos? Nossa Hist\u00f3ria Ol\u00e1, somos a Dedeserv Sua parceira confi\u00e1vel em servi\u00e7os de dedetiza\u00e7\u00e3o, desratiza\u00e7\u00e3o, e limpeza especializada. Com um compromisso inabal\u00e1vel com a seguran\u00e7a e o conforto do seu lar ou estabelecimento comercial, estamos aqui para oferecer solu\u00e7\u00f5es eficazes e personalizadas para o controle de pragas. Nossa equipe de profissionais altamente capacitados e [&hellip;]","og_url":"http:\/\/dedeserv.com.br\/?page_id=619","og_site_name":"Dedeserv Varginha","article_publisher":"https:\/\/www.facebook.com\/dedeservga\/","article_modified_time":"2026-02-07T13:07:24+00:00","og_image":[{"url":"https:\/\/architect.oceanwp.org\/wp-content\/uploads\/2022\/04\/oceanwp-architect-image-005.jpg","type":"","width":"","height":""}],"twitter_card":"summary_large_image","twitter_misc":{"Est. tempo de leitura":"2 minutos"},"schema":{"@context":"https:\/\/schema.org","@graph":[{"@type":"WebPage","@id":"http:\/\/dedeserv.com.br\/?page_id=619","url":"http:\/\/dedeserv.com.br\/?page_id=619","name":"About Us - Dedeserv Varginha","isPartOf":{"@id":"https:\/\/dedeserv.com.br\/#website"},"primaryImageOfPage":{"@id":"http:\/\/dedeserv.com.br\/?page_id=619#primaryimage"},"image":{"@id":"http:\/\/dedeserv.com.br\/?page_id=619#primaryimage"},"thumbnailUrl":"https:\/\/architect.oceanwp.org\/wp-content\/uploads\/2022\/04\/oceanwp-architect-image-005.jpg","datePublished":"2022-04-25T01:40:02+00:00","dateModified":"2026-02-07T13:07:24+00:00","breadcrumb":{"@id":"http:\/\/dedeserv.com.br\/?page_id=619#breadcrumb"},"inLanguage":"pt-BR","potentialAction":[{"@type":"ReadAction","target":["http:\/\/dedeserv.com.br\/?page_id=619"]}]},{"@type":"ImageObject","inLanguage":"pt-BR","@id":"http:\/\/dedeserv.com.br\/?page_id=619#primaryimage","url":"https:\/\/architect.oceanwp.org\/wp-content\/uploads\/2022\/04\/oceanwp-architect-image-005.jpg","contentUrl":"https:\/\/architect.oceanwp.org\/wp-content\/uploads\/2022\/04\/oceanwp-architect-image-005.jpg"},{"@type":"BreadcrumbList","@id":"http:\/\/dedeserv.com.br\/?page_id=619#breadcrumb","itemListElement":[{"@type":"ListItem","position":1,"name":"In\u00edcio","item":"https:\/\/dedeserv.com.br\/"},{"@type":"ListItem","position":2,"name":"About Us"}]},{"@type":"WebSite","@id":"https:\/\/dedeserv.com.br\/#website","url":"https:\/\/dedeserv.com.br\/","name":"DEDESERV DESINSETIZACAO E PRESTACAO DE SERVICO DE LIMPEZA","description":"Desinsetiza\u00e7\u00e3o Presta\u00e7\u00e3o de Servi\u00e7os de Limpeza","publisher":{"@id":"https:\/\/dedeserv.com.br\/#organization"},"potentialAction":[{"@type":"SearchAction","target":{"@type":"EntryPoint","urlTemplate":"https:\/\/dedeserv.com.br\/?s={search_term_string}"},"query-input":{"@type":"PropertyValueSpecification","valueRequired":true,"valueName":"search_term_string"}}],"inLanguage":"pt-BR"},{"@type":"Organization","@id":"https:\/\/dedeserv.com.br\/#organization","name":"DEDESERV DESINSETIZACAO E PRESTACAO DE SERVICO DE LIMPEZA","url":"https:\/\/dedeserv.com.br\/","logo":{"@type":"ImageObject","inLanguage":"pt-BR","@id":"https:\/\/dedeserv.com.br\/#\/schema\/logo\/image\/","url":"https:\/\/dedeserv.com.br\/wp-content\/uploads\/2026\/01\/cropped-Designer.png","contentUrl":"https:\/\/dedeserv.com.br\/wp-content\/uploads\/2026\/01\/cropped-Designer.png","width":512,"height":512,"caption":"DEDESERV DESINSETIZACAO E PRESTACAO DE SERVICO DE LIMPEZA"},"image":{"@id":"https:\/\/dedeserv.com.br\/#\/schema\/logo\/image\/"},"sameAs":["https:\/\/www.facebook.com\/dedeservga\/","https:\/\/www.instagram.com\/dedeservdesinsetizacao\/"]}]}},"_links":{"self":[{"href":"https:\/\/dedeserv.com.br\/index.php?rest_route=\/wp\/v2\/pages\/619","targetHints":{"allow":["GET"]}}],"collection":[{"href":"https:\/\/dedeserv.com.br\/index.php?rest_route=\/wp\/v2\/pages"}],"about":[{"href":"https:\/\/dedeserv.com.br\/index.php?rest_route=\/wp\/v2\/types\/page"}],"author":[{"embeddable":true,"href":"https:\/\/dedeserv.com.br\/index.php?rest_route=\/wp\/v2\/users\/1"}],"replies":[{"embeddable":true,"href":"https:\/\/dedeserv.com.br\/index.php?rest_route=%2Fwp%2Fv2%2Fcomments&post=619"}],"version-history":[{"count":18,"href":"https:\/\/dedeserv.com.br\/index.php?rest_route=\/wp\/v2\/pages\/619\/revisions"}],"predecessor-version":[{"id":9365,"href":"https:\/\/dedeserv.com.br\/index.php?rest_route=\/wp\/v2\/pages\/619\/revisions\/9365"}],"wp:attachment":[{"href":"https:\/\/dedeserv.com.br\/index.php?rest_route=%2Fwp%2Fv2%2Fmedia&parent=619"}],"curies":[{"name":"wp","href":"https:\/\/api.w.org\/{rel}","templated":true}]}}